{"id":91,"date":"2026-04-08T07:10:22","date_gmt":"2026-04-08T07:10:22","guid":{"rendered":"https:\/\/jovial-gagarin.217-160-170-94.plesk.page\/?page_id=91"},"modified":"2026-04-08T07:10:57","modified_gmt":"2026-04-08T07:10:57","slug":"angebote-fur-kindergarten-und-schulen","status":"publish","type":"page","link":"https:\/\/jovial-gagarin.217-160-170-94.plesk.page\/index.php\/angebote-fur-kindergarten-und-schulen\/","title":{"rendered":"Angebote f\u00fcr Kinderg\u00e4rten und Schulen"},"content":{"rendered":"\n<p>Ich biete f\u00fcr (Grund-) Schulen und Kinderg\u00e4rten individualisierte Workshops an:<\/p>\n\n\n\n<div style=\"height:51px\" aria-hidden=\"true\" class=\"wp-block-spacer\"><\/div>\n\n\n\n<h4 class=\"wp-block-heading\">\ud83c\udf31\u00a0<strong>Workshopangebote f\u00fcr Kinderg\u00e4rten<\/strong><\/h4>\n\n\n\n<p>In meinen Workshops f\u00fcr Kinder im Vorschulalter geht es darum, spielerisch und altersgerecht wichtige Lebenskompetenzen zu f\u00f6rdern. Die Themen sind praxisnah, alltagsrelevant und st\u00e4rken Kinder in ihrer emotionalen, sozialen und kognitiven Entwicklung.<\/p>\n\n\n\n<p><strong>Folgende Themen biete ich an:<\/strong><\/p>\n\n\n\n<ul class=\"wp-block-list\">\n<li><strong>Meine Gef\u00fchle<\/strong><br>Gef\u00fchle erkennen, benennen und mit ihnen umgehen lernen<\/li>\n\n\n\n<li><strong>Mein K\u00f6rper geh\u00f6rt mir!<\/strong><br>Fr\u00fchzeitige St\u00e4rkung des K\u00f6rperbewusstseins und kindgerechte Pr\u00e4vention<\/li>\n\n\n\n<li><strong>Gute Geheimnisse \u2013 schlechte Geheimnisse<\/strong><br>Sicherheit im Umgang mit heiklen Situationen und Vertrauenspersonen<\/li>\n\n\n\n<li><strong>Meine Sinne<\/strong><br>Die Welt entdecken durch bewusstes Wahrnehmen und Erleben<\/li>\n\n\n\n<li><strong>Wie funktioniert das mit der Konzentration?<\/strong><br>Einf\u00fchrung in spielerische \u00dcbungen zur Aufmerksamkeit und Fokussierung<\/li>\n\n\n\n<li><strong>Was kann ich? Was macht mich aus?<\/strong><br>St\u00e4rken entdecken und das Selbstwertgef\u00fchl f\u00f6rdern<\/li>\n\n\n\n<li><strong>Wertsch\u00e4tzend kommunizieren<\/strong><br>Grundlagen von Ich-Botschaften, Zuh\u00f6ren und freundlichem Miteinander<\/li>\n\n\n\n<li><strong>Mobbingpr\u00e4vention<\/strong>\u00a0<em>(als Kurs oder themenbezogener Workshop)<\/em><br>Achtsamkeit, Empathie und soziales Verhalten von klein auf st\u00e4rken<\/li>\n<\/ul>\n\n\n\n<hr class=\"wp-block-separator has-alpha-channel-opacity\"\/>\n\n\n\n<div style=\"height:100px\" aria-hidden=\"true\" class=\"wp-block-spacer\"><\/div>\n\n\n\n<h4 class=\"wp-block-heading\">\ud83c\udf93\u00a0<strong>Workshopangebote f\u00fcr Schulen<\/strong><\/h4>\n\n\n\n<p>F\u00fcr Grundschulen biete ich Workshops und Kursformate an, die die Sch\u00fcler in ihrer Lernentwicklung, im sozialen Miteinander und in ihrer Pers\u00f6nlichkeitsbildung unterst\u00fctzen.<\/p>\n\n\n\n<p><strong>Themenangebote f\u00fcr den schulischen Bereich:<\/strong><\/p>\n\n\n\n<ul class=\"wp-block-list\">\n<li><strong>Lernkurs<\/strong>\u00a0<em>(mindestens 4 Einheiten)<\/em><br>Nachhaltige F\u00f6rderung von Lernstrategien, Motivation und Organisation<\/li>\n\n\n\n<li><strong>Lernworkshop<\/strong><br>Kompakter Einblick in effektive Lerntechniken und individuelle Lernwege<\/li>\n\n\n\n<li><strong>Ressourcen- und Kompetenzarbeit<\/strong><br>Eigene St\u00e4rken erkennen, benennen und nutzen lernen<\/li>\n\n\n\n<li><strong>Umgang mit Stress<\/strong><br>Stress verstehen und bew\u00e4ltigen \u2013 f\u00fcr mehr Gelassenheit im Schulalltag<\/li>\n\n\n\n<li><strong>Klassengemeinschaften st\u00e4rken<\/strong><br>Teambildung, Zusammenhalt und soziale Verantwortung f\u00f6rdern<\/li>\n\n\n\n<li><strong>Soziale Interaktionen<\/strong><br>Kommunikation, Konfliktl\u00f6sung und respektvoller Umgang im Schulumfeld<\/li>\n\n\n\n<li><strong>Emotionale St\u00e4rkung<\/strong><br>Selbstwahrnehmung, Selbstregulation und emotionale Resilienz f\u00f6rdern<\/li>\n\n\n\n<li><strong>Mobbingpr\u00e4vention<\/strong><br>Achtsames Miteinander f\u00f6rdern, Ausgrenzung erkennen und entgegenwirken<\/li>\n<\/ul>\n\n\n\n<hr class=\"wp-block-separator has-alpha-channel-opacity\"\/>\n\n\n\n<p>\ud83d\udccc&nbsp;<strong>Hinweis:<\/strong><br>Genauere Informationen zu den Inhalten, dem Ablauf und der Dauer der einzelnen Workshops sende ich gerne auf Anfrage zu.<br><strong>Individuelle Themenw\u00fcnsche<\/strong>&nbsp;oder&nbsp;<strong>Einbindung in Projektwochen oder Schultage<\/strong>&nbsp;sind nach Absprache jederzeit m\u00f6glich.<\/p>\n\n\n\n<p>Ich freue mich auf Ihre Anfrage und darauf, Kinder und Jugendliche auf ihrem Weg ein St\u00fcck begleiten zu d\u00fcrfen!<\/p>\n\n\n\n<div style=\"height:100px\" aria-hidden=\"true\" class=\"wp-block-spacer\"><\/div>\n\n\n\n<figure class=\"wp-block-gallery has-nested-images columns-default is-cropped wp-block-gallery-1 is-layout-flex wp-block-gallery-is-layout-flex\">\n<figure class=\"wp-block-image size-large\"><img loading=\"lazy\" decoding=\"async\" width=\"428\" height=\"600\" data-id=\"100\" src=\"https:\/\/jovial-gagarin.217-160-170-94.plesk.page\/wp-content\/uploads\/2026\/04\/activitymore-3c10f691-3c2a-4871-8704-6f5a9dcc6670-high-yl5cfx.webp\" alt=\"\" class=\"wp-image-100\" srcset=\"https:\/\/jovial-gagarin.217-160-170-94.plesk.page\/wp-content\/uploads\/2026\/04\/activitymore-3c10f691-3c2a-4871-8704-6f5a9dcc6670-high-yl5cfx.webp 428w, https:\/\/jovial-gagarin.217-160-170-94.plesk.page\/wp-content\/uploads\/2026\/04\/activitymore-3c10f691-3c2a-4871-8704-6f5a9dcc6670-high-yl5cfx-214x300.webp 214w\" sizes=\"auto, (max-width: 428px) 100vw, 428px\" \/><\/figure>\n\n\n\n<figure class=\"wp-block-image size-large\"><img loading=\"lazy\" decoding=\"async\" width=\"428\" height=\"600\" data-id=\"99\" src=\"https:\/\/jovial-gagarin.217-160-170-94.plesk.page\/wp-content\/uploads\/2026\/04\/activitymore-c9cb584b-6b7a-4130-a4f0-2cd5f5dcb029-high-4nmvp6.webp\" alt=\"\" class=\"wp-image-99\" srcset=\"https:\/\/jovial-gagarin.217-160-170-94.plesk.page\/wp-content\/uploads\/2026\/04\/activitymore-c9cb584b-6b7a-4130-a4f0-2cd5f5dcb029-high-4nmvp6.webp 428w, https:\/\/jovial-gagarin.217-160-170-94.plesk.page\/wp-content\/uploads\/2026\/04\/activitymore-c9cb584b-6b7a-4130-a4f0-2cd5f5dcb029-high-4nmvp6-214x300.webp 214w\" sizes=\"auto, (max-width: 428px) 100vw, 428px\" \/><\/figure>\n\n\n\n<figure class=\"wp-block-image size-large\"><img loading=\"lazy\" decoding=\"async\" width=\"486\" height=\"600\" data-id=\"95\" src=\"https:\/\/jovial-gagarin.217-160-170-94.plesk.page\/wp-content\/uploads\/2026\/04\/img_4476-high.webp\" alt=\"\" class=\"wp-image-95\" srcset=\"https:\/\/jovial-gagarin.217-160-170-94.plesk.page\/wp-content\/uploads\/2026\/04\/img_4476-high.webp 486w, https:\/\/jovial-gagarin.217-160-170-94.plesk.page\/wp-content\/uploads\/2026\/04\/img_4476-high-243x300.webp 243w\" sizes=\"auto, (max-width: 486px) 100vw, 486px\" \/><\/figure>\n\n\n\n<figure class=\"wp-block-image size-large\"><img loading=\"lazy\" decoding=\"async\" width=\"449\" height=\"600\" data-id=\"94\" src=\"https:\/\/jovial-gagarin.217-160-170-94.plesk.page\/wp-content\/uploads\/2026\/04\/img_5572-high-y78dax.webp\" alt=\"\" class=\"wp-image-94\" srcset=\"https:\/\/jovial-gagarin.217-160-170-94.plesk.page\/wp-content\/uploads\/2026\/04\/img_5572-high-y78dax.webp 449w, https:\/\/jovial-gagarin.217-160-170-94.plesk.page\/wp-content\/uploads\/2026\/04\/img_5572-high-y78dax-225x300.webp 225w\" sizes=\"auto, (max-width: 449px) 100vw, 449px\" \/><\/figure>\n\n\n\n<figure class=\"wp-block-image size-large\"><img loading=\"lazy\" decoding=\"async\" width=\"800\" height=\"600\" data-id=\"96\" src=\"https:\/\/jovial-gagarin.217-160-170-94.plesk.page\/wp-content\/uploads\/2026\/04\/img_7077-high-3rg8dl.webp\" alt=\"\" class=\"wp-image-96\" srcset=\"https:\/\/jovial-gagarin.217-160-170-94.plesk.page\/wp-content\/uploads\/2026\/04\/img_7077-high-3rg8dl.webp 800w, https:\/\/jovial-gagarin.217-160-170-94.plesk.page\/wp-content\/uploads\/2026\/04\/img_7077-high-3rg8dl-300x225.webp 300w, https:\/\/jovial-gagarin.217-160-170-94.plesk.page\/wp-content\/uploads\/2026\/04\/img_7077-high-3rg8dl-768x576.webp 768w\" sizes=\"auto, (max-width: 800px) 100vw, 800px\" \/><\/figure>\n\n\n\n<figure class=\"wp-block-image size-large\"><img loading=\"lazy\" decoding=\"async\" width=\"800\" height=\"600\" data-id=\"97\" src=\"https:\/\/jovial-gagarin.217-160-170-94.plesk.page\/wp-content\/uploads\/2026\/04\/img_7356-high-rp9smg.webp\" alt=\"\" class=\"wp-image-97\" srcset=\"https:\/\/jovial-gagarin.217-160-170-94.plesk.page\/wp-content\/uploads\/2026\/04\/img_7356-high-rp9smg.webp 800w, https:\/\/jovial-gagarin.217-160-170-94.plesk.page\/wp-content\/uploads\/2026\/04\/img_7356-high-rp9smg-300x225.webp 300w, https:\/\/jovial-gagarin.217-160-170-94.plesk.page\/wp-content\/uploads\/2026\/04\/img_7356-high-rp9smg-768x576.webp 768w\" sizes=\"auto, (max-width: 800px) 100vw, 800px\" \/><\/figure>\n\n\n\n<figure class=\"wp-block-image size-large\"><img loading=\"lazy\" decoding=\"async\" width=\"450\" height=\"600\" data-id=\"93\" src=\"https:\/\/jovial-gagarin.217-160-170-94.plesk.page\/wp-content\/uploads\/2026\/04\/img_7461-high.webp\" alt=\"\" class=\"wp-image-93\" srcset=\"https:\/\/jovial-gagarin.217-160-170-94.plesk.page\/wp-content\/uploads\/2026\/04\/img_7461-high.webp 450w, https:\/\/jovial-gagarin.217-160-170-94.plesk.page\/wp-content\/uploads\/2026\/04\/img_7461-high-225x300.webp 225w\" sizes=\"auto, (max-width: 450px) 100vw, 450px\" \/><\/figure>\n\n\n\n<figure class=\"wp-block-image size-large\"><img loading=\"lazy\" decoding=\"async\" width=\"800\" height=\"600\" data-id=\"98\" src=\"https:\/\/jovial-gagarin.217-160-170-94.plesk.page\/wp-content\/uploads\/2026\/04\/img_7467-high.webp\" alt=\"\" class=\"wp-image-98\" srcset=\"https:\/\/jovial-gagarin.217-160-170-94.plesk.page\/wp-content\/uploads\/2026\/04\/img_7467-high.webp 800w, https:\/\/jovial-gagarin.217-160-170-94.plesk.page\/wp-content\/uploads\/2026\/04\/img_7467-high-300x225.webp 300w, https:\/\/jovial-gagarin.217-160-170-94.plesk.page\/wp-content\/uploads\/2026\/04\/img_7467-high-768x576.webp 768w\" sizes=\"auto, (max-width: 800px) 100vw, 800px\" \/><\/figure>\n<\/figure>\n\n\n\n<p><\/p>\n","protected":false},"excerpt":{"rendered":"<p>Ich biete f\u00fcr (Grund-) Schulen und Kinderg\u00e4rten individualisierte Workshops an: \ud83c\udf31\u00a0Workshopangebote f\u00fcr Kinderg\u00e4rten In meinen Workshops f\u00fcr Kinder im Vorschulalter geht es darum, spielerisch und altersgerecht wichtige Lebenskompetenzen zu f\u00f6rdern. Die Themen sind praxisnah, alltagsrelevant und st\u00e4rken Kinder in ihrer emotionalen, sozialen und kognitiven Entwicklung. Folgende Themen biete ich an: \ud83c\udf93\u00a0Workshopangebote f\u00fcr Schulen F\u00fcr Grundschulen [&hellip;]<\/p>\n","protected":false},"author":1,"featured_media":98,"parent":0,"menu_order":0,"comment_status":"closed","ping_status":"closed","template":"","meta":{"footnotes":""},"class_list":["post-91","page","type-page","status-publish","has-post-thumbnail","hentry"],"_links":{"self":[{"href":"https:\/\/jovial-gagarin.217-160-170-94.plesk.page\/index.php\/wp-json\/wp\/v2\/pages\/91","targetHints":{"allow":["GET"]}}],"collection":[{"href":"https:\/\/jovial-gagarin.217-160-170-94.plesk.page\/index.php\/wp-json\/wp\/v2\/pages"}],"about":[{"href":"https:\/\/jovial-gagarin.217-160-170-94.plesk.page\/index.php\/wp-json\/wp\/v2\/types\/page"}],"author":[{"embeddable":true,"href":"https:\/\/jovial-gagarin.217-160-170-94.plesk.page\/index.php\/wp-json\/wp\/v2\/users\/1"}],"replies":[{"embeddable":true,"href":"https:\/\/jovial-gagarin.217-160-170-94.plesk.page\/index.php\/wp-json\/wp\/v2\/comments?post=91"}],"version-history":[{"count":1,"href":"https:\/\/jovial-gagarin.217-160-170-94.plesk.page\/index.php\/wp-json\/wp\/v2\/pages\/91\/revisions"}],"predecessor-version":[{"id":101,"href":"https:\/\/jovial-gagarin.217-160-170-94.plesk.page\/index.php\/wp-json\/wp\/v2\/pages\/91\/revisions\/101"}],"wp:featuredmedia":[{"embeddable":true,"href":"https:\/\/jovial-gagarin.217-160-170-94.plesk.page\/index.php\/wp-json\/wp\/v2\/media\/98"}],"wp:attachment":[{"href":"https:\/\/jovial-gagarin.217-160-170-94.plesk.page\/index.php\/wp-json\/wp\/v2\/media?parent=91"}],"curies":[{"name":"wp","href":"https:\/\/api.w.org\/{rel}","templated":true}]}}