{"id":76,"date":"2026-04-08T06:49:20","date_gmt":"2026-04-08T06:49:20","guid":{"rendered":"https:\/\/jovial-gagarin.217-160-170-94.plesk.page\/?page_id=76"},"modified":"2026-04-08T06:56:35","modified_gmt":"2026-04-08T06:56:35","slug":"manuela-landenhammer","status":"publish","type":"page","link":"https:\/\/jovial-gagarin.217-160-170-94.plesk.page\/index.php\/manuela-landenhammer\/","title":{"rendered":"\u00dcber Mich"},"content":{"rendered":"\n<p>Mein Name ist&nbsp;<strong>Manuela Landenhammer<\/strong>, ich bin&nbsp;<strong>43 Jahre alt<\/strong>,&nbsp;<strong>verheiratet<\/strong>&nbsp;und Mama von&nbsp;<strong>zwei wunderbaren Jungs<\/strong>.<\/p>\n\n\n\n<div class=\"wp-block-columns is-layout-flex wp-container-core-columns-is-layout-28f84493 wp-block-columns-is-layout-flex\">\n<div class=\"wp-block-column is-layout-flow wp-block-column-is-layout-flow\" style=\"flex-basis:33.33%\">\n<figure class=\"wp-block-image aligncenter size-full is-resized has-custom-border\"><img loading=\"lazy\" decoding=\"async\" width=\"226\" height=\"328\" src=\"https:\/\/jovial-gagarin.217-160-170-94.plesk.page\/wp-content\/uploads\/2026\/04\/Manuela_Landenhammer.webp\" alt=\"\" class=\"wp-image-36\" style=\"border-top-left-radius:100px;border-top-right-radius:100px;border-bottom-left-radius:100px;border-bottom-right-radius:100px;width:149px;height:auto\" srcset=\"https:\/\/jovial-gagarin.217-160-170-94.plesk.page\/wp-content\/uploads\/2026\/04\/Manuela_Landenhammer.webp 226w, https:\/\/jovial-gagarin.217-160-170-94.plesk.page\/wp-content\/uploads\/2026\/04\/Manuela_Landenhammer-207x300.webp 207w\" sizes=\"auto, (max-width: 226px) 100vw, 226px\" \/><\/figure>\n<\/div>\n\n\n\n<div class=\"wp-block-column is-layout-flow wp-block-column-is-layout-flow\" style=\"flex-basis:66.66%\">\n<p><strong>Hauptberuflich<\/strong>\u00a0arbeite ich mit gro\u00dfer Freude und Hingabe als\u00a0<strong>Heilerziehungspflegerin im Erziehungsdienst eines Kindergartens<\/strong>. Dort darf ich Kinder in ihrer Entwicklung begleiten, f\u00f6rdern und st\u00e4rken \u2013 ein Beruf, der f\u00fcr mich nicht nur Arbeit, sondern echte Herzenssache ist.<\/p>\n<\/div>\n<\/div>\n\n\n\n<p><\/p>\n\n\n\n<p>Nebenberuflich lebe ich meine zweite gro\u00dfe Leidenschaft:<br>Ich arbeite als&nbsp;<strong>ganzheitlicher Kinder-, Jugend-, und Familiencoach.<\/strong><br>In meinen&nbsp;<strong>Coachings, Workshops, Kursen und Fortbildungen<\/strong>&nbsp;steht der Mensch im Mittelpunkt \u2013 mit allem, was er mitbringt:<\/p>\n\n\n\n<p>seinen Gef\u00fchlen, seinen F\u00e4higkeiten, seinen Herausforderungen und seinem ganz eigenen Weg.<\/p>\n\n\n\n<hr class=\"wp-block-separator has-alpha-channel-opacity\"\/>\n\n\n\n<div style=\"height:100px\" aria-hidden=\"true\" class=\"wp-block-spacer\"><\/div>\n\n\n\n<h2 class=\"wp-block-heading\">Ganzheitlicher Ansatz<\/h2>\n\n\n\n<p>Mein&nbsp;<strong>ganzheitlicher Ansatz<\/strong>&nbsp;verbindet Elemente aus Achtsamkeit, Ressourcenarbeit, K\u00f6rperwahrnehmung und wertsch\u00e4tzender Kommunikation. Er ist in all meinen Angeboten&nbsp;<strong>sp\u00fcrbar und erlebbar.&nbsp;<\/strong><\/p>\n\n\n\n<p>Dabei ist mir besonders wichtig, dass Kinder, Eltern und Fachkr\u00e4fte&nbsp;<strong>gest\u00e4rkt und ermutigt<\/strong>&nbsp;aus meinen Angeboten herausgehen \u2013 mit mehr Klarheit, Vertrauen und Leichtigkeit im Gep\u00e4ck.<\/p>\n\n\n\n<p>Ich freue mich sehr, dass ich mein Profil durch eine Weiterbildung zur&nbsp;<strong>Mobbingpr\u00e4ventionstrainerin<\/strong>&nbsp;erweitern durfte. So kann ich nun auch gezielt \u00fcber das Thema&nbsp;<strong>Mobbing aufkl\u00e4ren, sensibilisieren und mit konkreten Ma\u00dfnahmen aktiv gegen Ausgrenzung und Gewalt vorgehen<\/strong>&nbsp;\u2013 f\u00fcr ein wertsch\u00e4tzendes, starkes Miteinander.<\/p>\n\n\n\n<p><strong>Mein Ziel ist es, R\u00e4ume zu schaffen, in denen Menschen \u2013 ob klein oder gro\u00df \u2013 sich gesehen, geh\u00f6rt und gest\u00e4rkt f\u00fchlen.<\/strong><\/p>\n\n\n\n<p>Bei einigen meiner Angebote arbeite ich mit dem Kreisbildungswerk M\u00fchldorf zusammen.<\/p>\n\n\n\n<figure class=\"wp-block-image aligncenter size-full\"><img loading=\"lazy\" decoding=\"async\" width=\"347\" height=\"113\" src=\"https:\/\/jovial-gagarin.217-160-170-94.plesk.page\/wp-content\/uploads\/2026\/04\/bildungswerk.webp\" alt=\"\" class=\"wp-image-77\" srcset=\"https:\/\/jovial-gagarin.217-160-170-94.plesk.page\/wp-content\/uploads\/2026\/04\/bildungswerk.webp 347w, https:\/\/jovial-gagarin.217-160-170-94.plesk.page\/wp-content\/uploads\/2026\/04\/bildungswerk-300x98.webp 300w\" sizes=\"auto, (max-width: 347px) 100vw, 347px\" \/><\/figure>\n\n\n\n<hr class=\"wp-block-separator has-alpha-channel-opacity\"\/>\n\n\n\n<div style=\"height:100px\" aria-hidden=\"true\" class=\"wp-block-spacer\"><\/div>\n\n\n\n<div class=\"wp-block-cover alignfull is-light has-parallax wp-duotone-3b2b27-rgb95177162-1\" style=\"margin-top:0;padding-top:0px;padding-right:0px;padding-bottom:0px;padding-left:0px;min-height:250px;aspect-ratio:unset;\"><div class=\"wp-block-cover__image-background wp-image-46 size-large has-parallax\" style=\"background-position:50% 50%;background-image:url(https:\/\/jovial-gagarin.217-160-170-94.plesk.page\/wp-content\/uploads\/2026\/04\/Einzelcoaching-park-1024x637.png)\"><\/div><span aria-hidden=\"true\" class=\"wp-block-cover__background has-background-dim-0 has-background-dim\" style=\"background-color:#a59c7c\"><\/span><div class=\"wp-block-cover__inner-container is-layout-flow wp-block-cover-is-layout-flow\">\n<div class=\"wp-block-group has-global-padding is-content-justification-left is-layout-constrained wp-container-core-group-is-layout-0b562c1c wp-block-group-is-layout-constrained\">\n<h3 class=\"wp-block-heading has-text-align-center has-white-color has-text-color\" style=\"margin-top:var(--wp--preset--spacing--30);margin-right:0;margin-bottom:var(--wp--preset--spacing--30);margin-left:0;font-size:clamp(42.068px, 2.629rem + ((1vw - 3.2px) * 4.863), 80px);font-style:normal;font-weight:700;letter-spacing:0px;line-height:1;text-transform:uppercase\">Meine Referenzen<\/h3>\n<\/div>\n<\/div><\/div>\n\n\n\n<div style=\"height:37px\" aria-hidden=\"true\" class=\"wp-block-spacer\"><\/div>\n\n\n\n<p><strong>2000 &#8211; 2013 Arbeit im Heim f\u00fcr Menschen mit Beeintr\u00e4chtigungen&nbsp;<\/strong><\/p>\n\n\n\n<p><strong>2006 Abschluss staatlich gepr\u00fcfte<\/strong><strong>&nbsp;Heilerziehungspflegerin<\/strong><\/p>\n\n\n\n<p><strong>2019 Abschluss Zusatzqualifikation&nbsp;<\/strong><strong>Psychomotorik<\/strong><\/p>\n\n\n\n<p><strong>2021 Abschluss Heilerziehungspflegerin im<\/strong><strong>&nbsp;Erziehungsdienst (Erzieheranerkennung)<\/strong><\/p>\n\n\n\n<p><strong>2021 Abschluss Trainerin &#8222;Marburger&nbsp;<\/strong><strong>Verhaltenstraining&#8220;<\/strong><\/p>\n\n\n\n<p><strong>2023 Abschluss ganzheitlicher Kinder-Jugend-<\/strong><strong>Familiencoach<\/strong><\/p>\n\n\n\n<p><strong>2025 Abschluss Mobbinpr\u00e4ventionstrainerin<\/strong><\/p>\n\n\n\n<p><strong>2026 Weiterbildung ADHS-Coach&nbsp;<\/strong><\/p>\n\n\n\n<p><strong>seit 2017 angestellt im kath. Kindergarten<\/strong><\/p>\n\n\n\n<div style=\"height:34px\" aria-hidden=\"true\" class=\"wp-block-spacer\"><\/div>\n\n\n\n<figure class=\"wp-block-gallery alignwide has-nested-images columns-4 wp-block-gallery-2 is-layout-flex wp-block-gallery-is-layout-flex\">\n<figure class=\"wp-block-image size-large\"><img loading=\"lazy\" decoding=\"async\" width=\"347\" height=\"250\" data-id=\"80\" src=\"https:\/\/jovial-gagarin.217-160-170-94.plesk.page\/wp-content\/uploads\/2026\/04\/img_1695-high.webp\" alt=\"\" class=\"wp-image-80\" srcset=\"https:\/\/jovial-gagarin.217-160-170-94.plesk.page\/wp-content\/uploads\/2026\/04\/img_1695-high.webp 347w, https:\/\/jovial-gagarin.217-160-170-94.plesk.page\/wp-content\/uploads\/2026\/04\/img_1695-high-300x216.webp 300w\" sizes=\"auto, (max-width: 347px) 100vw, 347px\" \/><\/figure>\n\n\n\n<figure class=\"wp-block-image size-large\"><img loading=\"lazy\" decoding=\"async\" width=\"347\" height=\"272\" data-id=\"79\" src=\"https:\/\/jovial-gagarin.217-160-170-94.plesk.page\/wp-content\/uploads\/2026\/04\/img_0508-high.webp\" alt=\"\" class=\"wp-image-79\" srcset=\"https:\/\/jovial-gagarin.217-160-170-94.plesk.page\/wp-content\/uploads\/2026\/04\/img_0508-high.webp 347w, https:\/\/jovial-gagarin.217-160-170-94.plesk.page\/wp-content\/uploads\/2026\/04\/img_0508-high-300x235.webp 300w\" sizes=\"auto, (max-width: 347px) 100vw, 347px\" \/><\/figure>\n\n\n\n<figure class=\"wp-block-image size-large\"><img loading=\"lazy\" decoding=\"async\" width=\"347\" height=\"491\" data-id=\"82\" src=\"https:\/\/jovial-gagarin.217-160-170-94.plesk.page\/wp-content\/uploads\/2026\/04\/zertifikat-high.webp\" alt=\"\" class=\"wp-image-82\" srcset=\"https:\/\/jovial-gagarin.217-160-170-94.plesk.page\/wp-content\/uploads\/2026\/04\/zertifikat-high.webp 347w, https:\/\/jovial-gagarin.217-160-170-94.plesk.page\/wp-content\/uploads\/2026\/04\/zertifikat-high-212x300.webp 212w\" sizes=\"auto, (max-width: 347px) 100vw, 347px\" \/><\/figure>\n\n\n\n<figure class=\"wp-block-image size-large\"><img loading=\"lazy\" decoding=\"async\" width=\"347\" height=\"494\" data-id=\"81\" src=\"https:\/\/jovial-gagarin.217-160-170-94.plesk.page\/wp-content\/uploads\/2026\/04\/img_7061-high.webp\" alt=\"\" class=\"wp-image-81\" srcset=\"https:\/\/jovial-gagarin.217-160-170-94.plesk.page\/wp-content\/uploads\/2026\/04\/img_7061-high.webp 347w, https:\/\/jovial-gagarin.217-160-170-94.plesk.page\/wp-content\/uploads\/2026\/04\/img_7061-high-211x300.webp 211w\" sizes=\"auto, (max-width: 347px) 100vw, 347px\" \/><\/figure>\n<\/figure>\n","protected":false},"excerpt":{"rendered":"<p>Mein Name ist&nbsp;Manuela Landenhammer, ich bin&nbsp;43 Jahre alt,&nbsp;verheiratet&nbsp;und Mama von&nbsp;zwei wunderbaren Jungs. Hauptberuflich\u00a0arbeite ich mit gro\u00dfer Freude und Hingabe als\u00a0Heilerziehungspflegerin im Erziehungsdienst eines Kindergartens. Dort darf ich Kinder in ihrer Entwicklung begleiten, f\u00f6rdern und st\u00e4rken \u2013 ein Beruf, der f\u00fcr mich nicht nur Arbeit, sondern echte Herzenssache ist. Nebenberuflich lebe ich meine zweite gro\u00dfe Leidenschaft:Ich [&hellip;]<\/p>\n","protected":false},"author":1,"featured_media":0,"parent":0,"menu_order":0,"comment_status":"closed","ping_status":"closed","template":"","meta":{"footnotes":""},"class_list":["post-76","page","type-page","status-publish","hentry"],"_links":{"self":[{"href":"https:\/\/jovial-gagarin.217-160-170-94.plesk.page\/index.php\/wp-json\/wp\/v2\/pages\/76","targetHints":{"allow":["GET"]}}],"collection":[{"href":"https:\/\/jovial-gagarin.217-160-170-94.plesk.page\/index.php\/wp-json\/wp\/v2\/pages"}],"about":[{"href":"https:\/\/jovial-gagarin.217-160-170-94.plesk.page\/index.php\/wp-json\/wp\/v2\/types\/page"}],"author":[{"embeddable":true,"href":"https:\/\/jovial-gagarin.217-160-170-94.plesk.page\/index.php\/wp-json\/wp\/v2\/users\/1"}],"replies":[{"embeddable":true,"href":"https:\/\/jovial-gagarin.217-160-170-94.plesk.page\/index.php\/wp-json\/wp\/v2\/comments?post=76"}],"version-history":[{"count":6,"href":"https:\/\/jovial-gagarin.217-160-170-94.plesk.page\/index.php\/wp-json\/wp\/v2\/pages\/76\/revisions"}],"predecessor-version":[{"id":90,"href":"https:\/\/jovial-gagarin.217-160-170-94.plesk.page\/index.php\/wp-json\/wp\/v2\/pages\/76\/revisions\/90"}],"wp:attachment":[{"href":"https:\/\/jovial-gagarin.217-160-170-94.plesk.page\/index.php\/wp-json\/wp\/v2\/media?parent=76"}],"curies":[{"name":"wp","href":"https:\/\/api.w.org\/{rel}","templated":true}]}}