{"id":161,"date":"2026-04-08T13:00:07","date_gmt":"2026-04-08T13:00:07","guid":{"rendered":"https:\/\/jovial-gagarin.217-160-170-94.plesk.page\/index.php\/products\/"},"modified":"2026-04-08T15:21:08","modified_gmt":"2026-04-08T13:21:08","slug":"products","status":"publish","type":"page","link":"https:\/\/jovial-gagarin.217-160-170-94.plesk.page\/index.php\/products\/","title":{"rendered":"Produkte"},"content":{"rendered":"<div class=\"wp-block-edd-downloads edd-blocks__downloads\">\n\t\t\t<article class=\"edd-blocks__download edd-blocks__download--featured\">\n\t\t\t\n<header class=\"edd-blocks__download-header\">\n\t<h3><a href=\"https:\/\/jovial-gagarin.217-160-170-94.plesk.page\/index.php\/downloads\/informationsbogen\/\">Informationsbogen<\/a><\/h3><\/header>\n<div class=\"edd-blocks__download-content\">\n\t<p>Bitte f\u00fcr alle Workshops die Selbstauskunft ausgef\u00fcllt und unterschrieben zum Kursbeginn mitbringen.<\/p>\n\t\t<div class=\"edd-blocks__download-price\">\n\t\t\t<span class=\"edd_price\" id=\"edd_price_178\">Kostenlos<\/span>\t\t<\/div>\n\t\t<\/div>\n<footer class=\"edd-blocks__download-footer\">\n\t<div class=\"wp-block-edd-buy-button edd-blocks__buy-button\">\t<form id=\"edd_purchase_178\" class=\"edd_download_purchase_form edd_purchase_178\" method=\"post\">\n\n\t\t\n\t\t<div class=\"edd_purchase_submit_wrapper\">\n\t\t\t<button class=\"edd-add-to-cart button blue edd-submit alignnone\" data-nonce=\"f29993cb43\" data-timestamp=\"1775736298\" data-token=\"555c65982ac046e6e59151c67a06c2b6e790683abb313d8138daf16735031a57\" data-action=\"edd_add_to_cart\" data-download-id=\"178\" data-variable-price=\"no\" data-price-mode=single data-price=\"0.00\" ><span class=\"edd-add-to-cart-label\">Kostenlos&nbsp;&ndash;&nbsp;Kaufen<\/span> <span class=\"edd-loading\" aria-label=\"Wird geladen\"><\/span><\/button><input type=\"submit\" class=\"edd-add-to-cart edd-no-js button blue edd-submit alignnone\" name=\"edd_purchase_download\" value=\"Kostenlos&nbsp;&ndash;&nbsp;Kaufen\" data-action=\"edd_add_to_cart\" data-download-id=\"178\" data-variable-price=\"no\" data-price-mode=single \/><a href=\"https:\/\/jovial-gagarin.217-160-170-94.plesk.page\/index.php\/checkout\/\" class=\"edd_go_to_checkout button blue edd-submit alignnone\" style=\"display:none;\">Kasse<\/a>\n\t\t\t\t\t\t\t<span class=\"edd-cart-ajax-alert\" aria-live=\"assertive\">\n\t\t\t\t\t<span class=\"edd-cart-added-alert\" style=\"display: none;\">\n\t\t\t\t\t\t<svg class=\"edd-icon edd-icon-check\" xmlns=\"http:\/\/www.w3.org\/2000\/svg\" width=\"28\" height=\"28\" viewBox=\"0 0 28 28\" aria-hidden=\"true\">\n\t\t\t\t\t\t\t<path d=\"M26.11 8.844c0 .39-.157.78-.44 1.062L12.234 23.344c-.28.28-.672.438-1.062.438s-.78-.156-1.06-.438l-7.782-7.78c-.28-.282-.438-.673-.438-1.063s.156-.78.438-1.06l2.125-2.126c.28-.28.672-.438 1.062-.438s.78.156 1.062.438l4.594 4.61L21.42 5.656c.282-.28.673-.438 1.063-.438s.78.155 1.062.437l2.125 2.125c.28.28.438.672.438 1.062z\"\/>\n\t\t\t\t\t\t<\/svg>\n\t\t\t\t\t\tZum Warenkorb hinzugef\u00fcgt\t\t\t\t\t<\/span>\n\t\t\t\t<\/span>\n\t\t\t\t\t\t\t\t<\/div><!--end .edd_purchase_submit_wrapper-->\n\n\t\t<input type=\"hidden\" name=\"download_id\" value=\"178\">\n\t\t\t\t\t\t\t<input type=\"hidden\" name=\"edd_action\" class=\"edd_action_input\" value=\"add_to_cart\">\n\t\t\n\t\t\n\t\t\n\t<\/form><!--end #edd_purchase_178-->\n\t<\/div><\/footer>\n\t\t<\/article>\n\t\t\t\t<article class=\"edd-blocks__download\">\n\t\t\t\n<header class=\"edd-blocks__download-header\">\n\t\t<a\n\t\thref=\"https:\/\/jovial-gagarin.217-160-170-94.plesk.page\/index.php\/downloads\/mein-adhs-abenteuer-30-tage-programm-workbook\/\"\n\t\tclass=\"edd-blocks__download-image-link\"\n\t\t\t\t\taria-hidden=\"true\"\n\t\t\ttabindex=\"-1\"\n\t\t\t\t>\n\t<img loading=\"lazy\" decoding=\"async\" width=\"768\" height=\"1024\" src=\"https:\/\/jovial-gagarin.217-160-170-94.plesk.page\/wp-content\/uploads\/2026\/04\/adhs-workbook-1-768x1024.webp\" class=\"aligncenter edd-blocks__download-image wp-post-image\" alt=\"\" srcset=\"https:\/\/jovial-gagarin.217-160-170-94.plesk.page\/wp-content\/uploads\/2026\/04\/adhs-workbook-1-768x1024.webp 768w, https:\/\/jovial-gagarin.217-160-170-94.plesk.page\/wp-content\/uploads\/2026\/04\/adhs-workbook-1-225x300.webp 225w, https:\/\/jovial-gagarin.217-160-170-94.plesk.page\/wp-content\/uploads\/2026\/04\/adhs-workbook-1-1152x1536.webp 1152w, https:\/\/jovial-gagarin.217-160-170-94.plesk.page\/wp-content\/uploads\/2026\/04\/adhs-workbook-1-1536x2048.webp 1536w, https:\/\/jovial-gagarin.217-160-170-94.plesk.page\/wp-content\/uploads\/2026\/04\/adhs-workbook-1.webp 1920w\" sizes=\"auto, (max-width: 768px) 100vw, 768px\" \/>\t<\/a>\n\t<h3><a href=\"https:\/\/jovial-gagarin.217-160-170-94.plesk.page\/index.php\/downloads\/mein-adhs-abenteuer-30-tage-programm-workbook\/\">Mein ADHS-Abenteuer: 30-Tage-Programm Workbook<\/a><\/h3><\/header>\n<div class=\"edd-blocks__download-content\">\n\t<p>30 Tage voller St\u00e4rke und Mut Ein liebevoll gestaltetes Workbook f\u00fcr Vorschul- und Grundschulkinder, das euch im Alltag wirklich unterst\u00fctzt \u2013 ohne Druck, ohne \u00dcberforderung. \ud83d\udc49 Statt st\u00e4ndig zu korrigieren, st\u00e4rkst du die Verbindung zu deinem Kind. \ud83d\udc49 Statt Chaos entsteht Schritt f\u00fcr Schritt mehr Struktur. So hilft euch das Workbook im Alltag: \u2714\ufe0f Kurze, [&hellip;]<\/p>\n\t\t<div class=\"edd-blocks__download-price\">\n\t\t\t<span class=\"edd_price\" id=\"edd_price_163\">&euro;19,99<\/span>\t\t<\/div>\n\t\t<\/div>\n<footer class=\"edd-blocks__download-footer\">\n\t<div class=\"wp-block-edd-buy-button edd-blocks__buy-button\">\t<form id=\"edd_purchase_163\" class=\"edd_download_purchase_form edd_purchase_163\" method=\"post\">\n\n\t\t\n\t\t<div class=\"edd_purchase_submit_wrapper\">\n\t\t\t<button class=\"edd-add-to-cart button blue edd-submit alignnone\" data-nonce=\"669f42fcf1\" data-timestamp=\"1775736298\" data-token=\"555c65982ac046e6e59151c67a06c2b6e790683abb313d8138daf16735031a57\" data-action=\"edd_add_to_cart\" data-download-id=\"163\" data-variable-price=\"no\" data-price-mode=single data-price=\"19.99\" ><span class=\"edd-add-to-cart-label\">&euro;19,99&nbsp;&ndash;&nbsp;Kaufen<\/span> <span class=\"edd-loading\" aria-label=\"Wird geladen\"><\/span><\/button><input type=\"submit\" class=\"edd-add-to-cart edd-no-js button blue edd-submit alignnone\" name=\"edd_purchase_download\" value=\"&euro;19,99&nbsp;&ndash;&nbsp;Kaufen\" data-action=\"edd_add_to_cart\" data-download-id=\"163\" data-variable-price=\"no\" data-price-mode=single \/><a href=\"https:\/\/jovial-gagarin.217-160-170-94.plesk.page\/index.php\/checkout\/\" class=\"edd_go_to_checkout button blue edd-submit alignnone\" style=\"display:none;\">Kasse<\/a>\n\t\t\t\t\t\t\t<span class=\"edd-cart-ajax-alert\" aria-live=\"assertive\">\n\t\t\t\t\t<span class=\"edd-cart-added-alert\" style=\"display: none;\">\n\t\t\t\t\t\t<svg class=\"edd-icon edd-icon-check\" xmlns=\"http:\/\/www.w3.org\/2000\/svg\" width=\"28\" height=\"28\" viewBox=\"0 0 28 28\" aria-hidden=\"true\">\n\t\t\t\t\t\t\t<path d=\"M26.11 8.844c0 .39-.157.78-.44 1.062L12.234 23.344c-.28.28-.672.438-1.062.438s-.78-.156-1.06-.438l-7.782-7.78c-.28-.282-.438-.673-.438-1.063s.156-.78.438-1.06l2.125-2.126c.28-.28.672-.438 1.062-.438s.78.156 1.062.438l4.594 4.61L21.42 5.656c.282-.28.673-.438 1.063-.438s.78.155 1.062.437l2.125 2.125c.28.28.438.672.438 1.062z\"\/>\n\t\t\t\t\t\t<\/svg>\n\t\t\t\t\t\tZum Warenkorb hinzugef\u00fcgt\t\t\t\t\t<\/span>\n\t\t\t\t<\/span>\n\t\t\t\t\t\t\t\t\t\t\t\t\t\t\t<\/div><!--end .edd_purchase_submit_wrapper-->\n\n\t\t<input type=\"hidden\" name=\"download_id\" value=\"163\">\n\t\t\t\t\t\t\t<input type=\"hidden\" name=\"edd_action\" class=\"edd_action_input\" value=\"add_to_cart\">\n\t\t\n\t\t\n\t\t\n\t<\/form><!--end #edd_purchase_163-->\n\t<\/div><\/footer>\n\t\t<\/article>\n\t\t<\/div>\n","protected":false},"excerpt":{"rendered":"","protected":false},"author":1,"featured_media":0,"parent":0,"menu_order":0,"comment_status":"closed","ping_status":"closed","template":"","meta":{"footnotes":""},"class_list":["post-161","page","type-page","status-publish","hentry"],"_links":{"self":[{"href":"https:\/\/jovial-gagarin.217-160-170-94.plesk.page\/index.php\/wp-json\/wp\/v2\/pages\/161","targetHints":{"allow":["GET"]}}],"collection":[{"href":"https:\/\/jovial-gagarin.217-160-170-94.plesk.page\/index.php\/wp-json\/wp\/v2\/pages"}],"about":[{"href":"https:\/\/jovial-gagarin.217-160-170-94.plesk.page\/index.php\/wp-json\/wp\/v2\/types\/page"}],"author":[{"embeddable":true,"href":"https:\/\/jovial-gagarin.217-160-170-94.plesk.page\/index.php\/wp-json\/wp\/v2\/users\/1"}],"replies":[{"embeddable":true,"href":"https:\/\/jovial-gagarin.217-160-170-94.plesk.page\/index.php\/wp-json\/wp\/v2\/comments?post=161"}],"version-history":[{"count":2,"href":"https:\/\/jovial-gagarin.217-160-170-94.plesk.page\/index.php\/wp-json\/wp\/v2\/pages\/161\/revisions"}],"predecessor-version":[{"id":171,"href":"https:\/\/jovial-gagarin.217-160-170-94.plesk.page\/index.php\/wp-json\/wp\/v2\/pages\/161\/revisions\/171"}],"wp:attachment":[{"href":"https:\/\/jovial-gagarin.217-160-170-94.plesk.page\/index.php\/wp-json\/wp\/v2\/media?parent=161"}],"curies":[{"name":"wp","href":"https:\/\/api.w.org\/{rel}","templated":true}]}}