{"id":138,"date":"2026-04-08T12:48:47","date_gmt":"2026-04-08T12:48:47","guid":{"rendered":"https:\/\/jovial-gagarin.217-160-170-94.plesk.page\/?page_id=138"},"modified":"2026-04-09T05:36:10","modified_gmt":"2026-04-09T03:36:10","slug":"lernkurse","status":"publish","type":"page","link":"https:\/\/jovial-gagarin.217-160-170-94.plesk.page\/index.php\/lernkurse\/","title":{"rendered":"Lernkurse"},"content":{"rendered":"\n<h3 class=\"wp-block-heading\">Mit Freude und Leichtigkeit zum Lernerfolg<\/h3>\n\n\n\n<p>In meinem&nbsp;<strong>Lernkurs&nbsp;<\/strong>zeige ich Kindern und Jugendlichen, dass Lernen Spa\u00df machen kann! Gemeinsam entdecken wir&nbsp;<strong>clevere Lerntechniken<\/strong>, entwickeln passende&nbsp;<strong>Lernmethoden<\/strong>&nbsp;und st\u00e4rken das Selbstvertrauen in die eigenen F\u00e4higkeiten.<\/p>\n\n\n\n<p>Dabei geht es nicht nur ums Pauken \u2013 sondern auch darum, wie Lernen \u00fcberhaupt funktioniert, wie man&nbsp;<strong>Stress beim Lernen abbaut<\/strong>&nbsp;und wie man mit mehr Leichtigkeit und Motivation an schulische Aufgaben herangeht.<\/p>\n\n\n\n<hr class=\"wp-block-separator has-alpha-channel-opacity\"\/>\n\n\n\n<div style=\"height:46px\" aria-hidden=\"true\" class=\"wp-block-spacer\"><\/div>\n\n\n\n<h3 class=\"wp-block-heading\"><strong>Was erwartet dein Kind im Lernkurs?<\/strong><\/h3>\n\n\n\n<p>\ud83e\udde0&nbsp;<strong>Lerntechniken &amp; Lernmethoden<\/strong><br>Individuell passende Strategien \u2013 vom besseren Merken \u00fcber das effektive Wiederholen bis zum kreativen Lernen mit allen Sinnen.<\/p>\n\n\n\n<p>\ud83d\udca1&nbsp;<strong>Lernen lernen<\/strong><br>Ich vermittel,&nbsp;<em>wie<\/em>&nbsp;man lernt \u2013 kindgerecht, verst\u00e4ndlich und nachhaltig.<\/p>\n\n\n\n<p>\ud83e\uddd8&nbsp;<strong>Stresspr\u00e4vention beim Lernen<\/strong><br>Entspannungs\u00fcbungen, Pausenmanagement und der richtige Umgang mit Pr\u00fcfungsangst.<\/p>\n\n\n\n<p>\ud83d\ude04&nbsp;<strong>Spa\u00df und Freude am Lernen<\/strong><br>Denn nur wer gerne lernt, lernt auch erfolgreich! Wir schaffen eine wertsch\u00e4tzende und motivierende Lernatmosph\u00e4re.<\/p>\n\n\n\n<p>\ud83d\udc6b&nbsp;<strong>Lernen in Kleingruppen<\/strong><br>Pers\u00f6nlich, individuell und mit gen\u00fcgend Raum f\u00fcr Fragen \u2013 maximal 6 Teilnehmer pro Kurs.<\/p>\n\n\n\n<hr class=\"wp-block-separator has-alpha-channel-opacity\"\/>\n\n\n\n<div style=\"height:50px\" aria-hidden=\"true\" class=\"wp-block-spacer\"><\/div>\n\n\n\n<h3 class=\"wp-block-heading\"><strong>F\u00fcr wen sind die Lernkurse geeignet?<\/strong><\/h3>\n\n\n\n<ul class=\"wp-block-list\">\n<li>Kinder ab ca. 8 Jahren<\/li>\n\n\n\n<li>Sch\u00fcler, &nbsp;die Unterst\u00fctzung beim Lernen brauchen oder effektiver lernen m\u00f6chten<\/li>\n\n\n\n<li>Alle, die motivierter, entspannter und mit mehr Freude lernen wollen<\/li>\n<\/ul>\n\n\n\n<p><br><\/p>\n\n\n\n<p>\/<\/p>\n\n\n\n<div class=\"wp-block-cover alignfull is-light has-parallax wp-duotone-094850-rgb77250221-2\" style=\"margin-top:0;padding-top:48px;padding-right:48px;padding-bottom:48px;padding-left:48px;min-height:418px;aspect-ratio:unset;\"><div class=\"wp-block-cover__image-background wp-image-335 has-parallax\" style=\"background-position:50% 50%;background-image:url(https:\/\/pd.w.org\/2021\/12\/12261b91fba359867.64939140.jpg)\"><\/div><span aria-hidden=\"true\" class=\"wp-block-cover__background has-background-dim-30 has-background-dim\"><\/span><div class=\"wp-block-cover__inner-container is-layout-flow wp-block-cover-is-layout-flow\">\n<div class=\"wp-block-group has-global-padding is-content-justification-left is-layout-constrained wp-container-core-group-is-layout-0b562c1c wp-block-group-is-layout-constrained\">\n<h2 class=\"wp-block-heading has-text-align-left has-white-color has-text-color\" style=\"font-size:clamp(50.171px, 3.136rem + ((1vw - 3.2px) * 6.388), 100px);font-style:normal;font-weight:700;letter-spacing:0px;line-height:1;text-transform:uppercase\">Termine<\/h2>\n\n\n\n<p class=\"has-white-color has-text-color has-link-color wp-elements-1b6f8733ac09d32092d3bc2c4815f038\">Voranmeldung bereits m\u00f6glich. Bei gen\u00fcgend Teilnehmer findet ein neuer Kurs statt.<\/p>\n<\/div>\n\n\n\n<div style=\"height:72px\" aria-hidden=\"true\" class=\"wp-block-spacer\"><\/div>\n\n\n\n<div class=\"wp-block-buttons is-content-justification-left is-nowrap is-layout-flex wp-container-core-buttons-is-layout-92e17da2 wp-block-buttons-is-layout-flex\">\n<div class=\"wp-block-button is-style-outline is-style-outline--1\"><a class=\"wp-block-button__link has-white-color has-text-color has-custom-font-size wp-element-button\" style=\"padding-top:24px;padding-right:48px;padding-bottom:24px;padding-left:48px;font-size:clamp(14px, 0.875rem + ((1vw - 3.2px) * 0.256), 16px);font-style:normal;font-weight:600;letter-spacing:0px;text-transform:uppercase\">Jetzt buchen<\/a><\/div>\n<\/div>\n<\/div><\/div>\n","protected":false},"excerpt":{"rendered":"<p>Mit Freude und Leichtigkeit zum Lernerfolg In meinem&nbsp;Lernkurs&nbsp;zeige ich Kindern und Jugendlichen, dass Lernen Spa\u00df machen kann! Gemeinsam entdecken wir&nbsp;clevere Lerntechniken, entwickeln passende&nbsp;Lernmethoden&nbsp;und st\u00e4rken das Selbstvertrauen in die eigenen F\u00e4higkeiten. Dabei geht es nicht nur ums Pauken \u2013 sondern auch darum, wie Lernen \u00fcberhaupt funktioniert, wie man&nbsp;Stress beim Lernen abbaut&nbsp;und wie man mit mehr Leichtigkeit [&hellip;]<\/p>\n","protected":false},"author":1,"featured_media":187,"parent":0,"menu_order":0,"comment_status":"closed","ping_status":"closed","template":"","meta":{"footnotes":""},"class_list":["post-138","page","type-page","status-publish","has-post-thumbnail","hentry"],"_links":{"self":[{"href":"https:\/\/jovial-gagarin.217-160-170-94.plesk.page\/index.php\/wp-json\/wp\/v2\/pages\/138","targetHints":{"allow":["GET"]}}],"collection":[{"href":"https:\/\/jovial-gagarin.217-160-170-94.plesk.page\/index.php\/wp-json\/wp\/v2\/pages"}],"about":[{"href":"https:\/\/jovial-gagarin.217-160-170-94.plesk.page\/index.php\/wp-json\/wp\/v2\/types\/page"}],"author":[{"embeddable":true,"href":"https:\/\/jovial-gagarin.217-160-170-94.plesk.page\/index.php\/wp-json\/wp\/v2\/users\/1"}],"replies":[{"embeddable":true,"href":"https:\/\/jovial-gagarin.217-160-170-94.plesk.page\/index.php\/wp-json\/wp\/v2\/comments?post=138"}],"version-history":[{"count":3,"href":"https:\/\/jovial-gagarin.217-160-170-94.plesk.page\/index.php\/wp-json\/wp\/v2\/pages\/138\/revisions"}],"predecessor-version":[{"id":193,"href":"https:\/\/jovial-gagarin.217-160-170-94.plesk.page\/index.php\/wp-json\/wp\/v2\/pages\/138\/revisions\/193"}],"wp:featuredmedia":[{"embeddable":true,"href":"https:\/\/jovial-gagarin.217-160-170-94.plesk.page\/index.php\/wp-json\/wp\/v2\/media\/187"}],"wp:attachment":[{"href":"https:\/\/jovial-gagarin.217-160-170-94.plesk.page\/index.php\/wp-json\/wp\/v2\/media?parent=138"}],"curies":[{"name":"wp","href":"https:\/\/api.w.org\/{rel}","templated":true}]}}