{"id":126,"date":"2026-04-08T12:26:06","date_gmt":"2026-04-08T12:26:06","guid":{"rendered":"https:\/\/jovial-gagarin.217-160-170-94.plesk.page\/?page_id=126"},"modified":"2026-04-08T12:41:49","modified_gmt":"2026-04-08T12:41:49","slug":"ganzheitliche-starkung","status":"publish","type":"page","link":"https:\/\/jovial-gagarin.217-160-170-94.plesk.page\/index.php\/ganzheitliche-starkung\/","title":{"rendered":"Ganzheitliche St\u00e4rkung"},"content":{"rendered":"\n<blockquote class=\"wp-block-quote is-layout-flow wp-block-quote-is-layout-flow\">\n<blockquote class=\"wp-block-quote is-layout-flow wp-block-quote-is-layout-flow\"><\/blockquote>\n<\/blockquote>\n\n\n\n<blockquote class=\"wp-block-quote is-layout-flow wp-block-quote-is-layout-flow\">\n<p>&#8222;Das, was du kannst, kann dir keiner mehr nehmen!&#8220;<\/p>\n<\/blockquote>\n\n\n\n<div style=\"height:38px\" aria-hidden=\"true\" class=\"wp-block-spacer\"><\/div>\n\n\n\n<h4 class=\"wp-block-heading\">Warum ist eine ganzheitliche St\u00e4rkung so wichtig?<\/h4>\n\n\n\n<ul class=\"wp-block-list\">\n<li><strong>Kinder und Erwachsene, die gest\u00e4rkt werden, gehen stark durchs Leben.<\/strong><br>Sie wissen, dass sie Herausforderungen bew\u00e4ltigen k\u00f6nnen. Ob eine schwierige Matheaufgabe oder ein Streit mit Freunden oder der Familie \u2013 sie haben das Vertrauen in sich selbst, einen Weg zu finden. Sie lassen sich nicht so leicht entmutigen und wissen, dass auch kleine Schritte zum Ziel f\u00fchren.<\/li>\n<\/ul>\n\n\n\n<ul class=\"wp-block-list\">\n<li><strong>Sie meistern \u00dcberg\u00e4nge leichter \u2013 wie Klassen- oder Schulwechsel, Ver\u00e4nderungen im Arbeits- oder Familienalltag.<\/strong><br>Ver\u00e4nderungen geh\u00f6ren zum Leben dazu. Menschen, die innerlich gest\u00e4rkt sind, k\u00f6nnen besser mit neuen Situationen umgehen. Sie bleiben neugierig, offen und finden schneller Anschluss in neuen Gruppen. Sie lernen: Auch wenn etwas Unbekanntes kommt, bin ich nicht allein \u2013 ich schaffe das.<\/li>\n<\/ul>\n\n\n\n<ul class=\"wp-block-list\">\n<li><strong>Auch wenn mal \u201ezu viele Hummeln im Hintern\u201c sind, finden sie zur Ruhe.<\/strong><br>Starke Kinder und Erwachsene lernen, ihre Energie zu lenken \u2013 sei es durch Bewegung, kreative Angebote oder bewusstes Entspannen. Sie entwickeln ein Gesp\u00fcr f\u00fcr ihre Bed\u00fcrfnisse und lernen, sich selbst zu regulieren.<\/li>\n<\/ul>\n\n\n\n<ul class=\"wp-block-list\">\n<li><strong>Sie k\u00f6nnen Sch\u00fcchternheit \u00fcberwinden.<\/strong><br>Nicht jeder Mensch geht leicht auf andere zu \u2013 und das muss auch gar nicht sein. Aber gest\u00e4rkte Menschen trauen sich, ihre Meinung zu sagen, Fragen zu stellen oder Hilfe zu holen, wenn sie sie brauchen. Sie wissen: Ich bin wichtig, auch wenn ich leise bin.<\/li>\n<\/ul>\n\n\n\n<ul class=\"wp-block-list\">\n<li><strong>Sie trauen sich, Neues auszuprobieren.<\/strong><br>Gest\u00e4rkt zu sein hei\u00dft, keine Angst vor Fehlern zu haben \u2013 Fehler werden als Chance zum Wachsen gesehen. Ob es eine neue Sportart ist, ein Referat vor der Klasse oder ein neuer Job: Wer gest\u00e4rkt ist, traut sich was!<\/li>\n<\/ul>\n\n\n\n<ul class=\"wp-block-list\">\n<li><strong>Und ganz wichtig: Die nat\u00fcrliche Neugier wird behalten.<\/strong><br>Starke Menschen haben Lust zu entdecken, zu forschen, zu hinterfragen. Sie wollen die Welt verstehen und gestalten \u2013 und genau das ist die beste Grundlage f\u00fcr ein lebenslanges Lernen.<\/li>\n<\/ul>\n\n\n\n<div style=\"height:58px\" aria-hidden=\"true\" class=\"wp-block-spacer\"><\/div>\n\n\n\n<blockquote class=\"wp-block-quote is-layout-flow wp-block-quote-is-layout-flow\">\n<p>Innerliche St\u00e4rkung, Selbstsicherheit und Mut, f\u00fcr sich einzustehen, sind wichtige Fundament f\u00fcr das ganze Leben. Egal ob Kind oder Erwachsen.<\/p>\n\n\n\n<p>Schritt f\u00fcr Schritt kann jeder f\u00fcr sich mit Stolz, Freude und der Gewissheit erfahren:&nbsp;<em>Ich kann das.<\/em><\/p>\n<\/blockquote>\n\n\n\n<div style=\"height:56px\" aria-hidden=\"true\" class=\"wp-block-spacer\"><\/div>\n\n\n\n<div class=\"wp-block-cover alignfull has-parallax\" style=\"min-height:623px;aspect-ratio:unset;\"><div class=\"wp-block-cover__image-background wp-image-131 size-large has-parallax\" style=\"background-position:50% 50%;background-image:url(https:\/\/jovial-gagarin.217-160-170-94.plesk.page\/wp-content\/uploads\/2026\/04\/Madchen-auf-sonniger-Blumenwiese-1024x683.png)\"><\/div><span aria-hidden=\"true\" class=\"wp-block-cover__background has-background-dim-40 has-background-dim\" style=\"background-color:#000000\"><\/span><div class=\"wp-block-cover__inner-container is-layout-flow wp-block-cover-is-layout-flow\">\n<h2 class=\"wp-block-heading alignwide has-white-color has-text-color\" style=\"font-size:clamp(27.894px, 1.743rem + ((1vw - 3.2px) * 2.578), 48px);line-height:1.2\"><strong><em>Was ist das Ziel der ganzheitlichen St\u00e4rkung?<\/em><\/strong><\/h2>\n\n\n\n<div class=\"wp-block-columns alignwide is-layout-flex wp-container-core-columns-is-layout-28f84493 wp-block-columns-is-layout-flex\">\n<div class=\"wp-block-column is-layout-flow wp-block-column-is-layout-flow\" style=\"flex-basis:60%\">\n<p class=\"has-text-color\" style=\"color:#ffffff\">\u201eInnere St\u00e4rke wecken, Gef\u00fchle begleiten: Ganzheitliche Impulse f\u00fcr ein resilientes Miteinander.\u201c<\/p>\n\n\n\n<div class=\"wp-block-buttons is-layout-flex wp-block-buttons-is-layout-flex\">\n<div class=\"wp-block-button is-style-outline is-style-outline--1\"><a class=\"wp-block-button__link has-primary-color has-white-background-color has-text-color has-background wp-element-button\">Kontakt<\/a><\/div>\n<\/div>\n<\/div>\n\n\n\n<div class=\"wp-block-column is-layout-flow wp-block-column-is-layout-flow\"><\/div>\n<\/div>\n<\/div><\/div>\n\n\n\n<ul class=\"wp-block-list\">\n<li><strong>Stresspr\u00e4vention<\/strong><br>Alltagsnahe Strategien kennenlernen, um fr\u00fchzeitig Anzeichen von Stress zu erkennen und konstruktiv damit umzugehen.<\/li>\n\n\n\n<li><strong>Entspannung durch Fantasiereisen<\/strong><br>Durch angeleitete Fantasiereisen werden der Zugang zu innerer Ruhe, die eigene Vorstellungskraft und die F\u00e4higkeiten zur Selbstregulation gef\u00f6rdert.<\/li>\n\n\n\n<li><strong>Bewusstwerden der eigenen St\u00e4rken<\/strong><br>Die Auseinandersetzung mit den eigenen individuellen F\u00e4higkeiten und Talenten f\u00fchren zu einem positiven Selbstbild.<\/li>\n\n\n\n<li><strong>Selbstwertsch\u00e4tzung f\u00f6rdern<\/strong><br>Sich selbst mit Freundlichkeit und Respekt zu begegnen und seinen eigenen Wert zu finden.<\/li>\n\n\n\n<li><strong>Kreativit\u00e4t anregen<\/strong><br>In gestalterischen Angeboten k\u00f6nnen die Fantasie frei entwickelt und kreative Ausdrucksformen entdecken werden.<\/li>\n\n\n\n<li><strong>Soziale Kompetenzen erweitern<\/strong><br>Durch gemeinschaftliches Tun und Teamaufgaben werden das Einf\u00fchlungsverm\u00f6gen, die Kommunikationsf\u00e4higkeit und das Verantwortungsbewusstsein gegen\u00fcber anderen gest\u00e4rkt.<\/li>\n\n\n\n<li><strong>Emotionale St\u00e4rkung<\/strong><br>Seine Gef\u00fchle zu benennen, zu verstehen und mit ihnen umzugehen \u2013 eine wichtige Grundlage f\u00fcr emotionale Stabilit\u00e4t und Empathie.<\/li>\n\n\n\n<li><strong>Vermittlung p\u00e4dagogischer Lerninhalte in der St\u00e4rkenarbeit mit Kindern<\/strong><br>In kindgerechten Einheiten setzen sich die Kinder mit zentralen Themen wie\u00a0<strong>Konzentration, Gef\u00fchlswahrnehmung<\/strong>\u00a0und\u00a0<strong>Selbstbewusstsein<\/strong>\u00a0auseinander \u2013 immer spielerisch und mit alltagsnahen Bez\u00fcgen.<\/li>\n<\/ul>\n\n\n\n<div style=\"height:100px\" aria-hidden=\"true\" class=\"wp-block-spacer\"><\/div>\n\n\n\n<blockquote class=\"wp-block-quote has-white-color has-light-green-cyan-background-color has-text-color has-background has-link-color wp-elements-d255185784d73183d7ddfb3f1b7cbc80 is-layout-flow wp-block-quote-is-layout-flow\" style=\"border-width:2px;padding-top:var(--wp--preset--spacing--40);padding-bottom:var(--wp--preset--spacing--40)\">\n<h4 class=\"wp-block-heading\"><em>Gest\u00e4rkt ins Leben starten, <br>gest\u00e4rkt durchs Leben gehen<br>und gest\u00e4rkt im Leben ankommen.<\/em><\/h4>\n\n\n\n<p>Manuela Landenhammer<\/p>\n<\/blockquote>\n","protected":false},"excerpt":{"rendered":"<p>&#8222;Das, was du kannst, kann dir keiner mehr nehmen!&#8220; Warum ist eine ganzheitliche St\u00e4rkung so wichtig? Innerliche St\u00e4rkung, Selbstsicherheit und Mut, f\u00fcr sich einzustehen, sind wichtige Fundament f\u00fcr das ganze Leben. Egal ob Kind oder Erwachsen. Schritt f\u00fcr Schritt kann jeder f\u00fcr sich mit Stolz, Freude und der Gewissheit erfahren:&nbsp;Ich kann das. Gest\u00e4rkt ins Leben [&hellip;]<\/p>\n","protected":false},"author":1,"featured_media":133,"parent":0,"menu_order":0,"comment_status":"closed","ping_status":"closed","template":"","meta":{"footnotes":""},"class_list":["post-126","page","type-page","status-publish","has-post-thumbnail","hentry"],"_links":{"self":[{"href":"https:\/\/jovial-gagarin.217-160-170-94.plesk.page\/index.php\/wp-json\/wp\/v2\/pages\/126","targetHints":{"allow":["GET"]}}],"collection":[{"href":"https:\/\/jovial-gagarin.217-160-170-94.plesk.page\/index.php\/wp-json\/wp\/v2\/pages"}],"about":[{"href":"https:\/\/jovial-gagarin.217-160-170-94.plesk.page\/index.php\/wp-json\/wp\/v2\/types\/page"}],"author":[{"embeddable":true,"href":"https:\/\/jovial-gagarin.217-160-170-94.plesk.page\/index.php\/wp-json\/wp\/v2\/users\/1"}],"replies":[{"embeddable":true,"href":"https:\/\/jovial-gagarin.217-160-170-94.plesk.page\/index.php\/wp-json\/wp\/v2\/comments?post=126"}],"version-history":[{"count":6,"href":"https:\/\/jovial-gagarin.217-160-170-94.plesk.page\/index.php\/wp-json\/wp\/v2\/pages\/126\/revisions"}],"predecessor-version":[{"id":134,"href":"https:\/\/jovial-gagarin.217-160-170-94.plesk.page\/index.php\/wp-json\/wp\/v2\/pages\/126\/revisions\/134"}],"wp:featuredmedia":[{"embeddable":true,"href":"https:\/\/jovial-gagarin.217-160-170-94.plesk.page\/index.php\/wp-json\/wp\/v2\/media\/133"}],"wp:attachment":[{"href":"https:\/\/jovial-gagarin.217-160-170-94.plesk.page\/index.php\/wp-json\/wp\/v2\/media?parent=126"}],"curies":[{"name":"wp","href":"https:\/\/api.w.org\/{rel}","templated":true}]}}