{"id":113,"date":"2026-04-08T07:35:07","date_gmt":"2026-04-08T07:35:07","guid":{"rendered":"https:\/\/jovial-gagarin.217-160-170-94.plesk.page\/?page_id=113"},"modified":"2026-04-08T07:38:41","modified_gmt":"2026-04-08T07:38:41","slug":"angebote-fur-soziale-einrichtungen","status":"publish","type":"page","link":"https:\/\/jovial-gagarin.217-160-170-94.plesk.page\/index.php\/angebote-fur-soziale-einrichtungen\/","title":{"rendered":"Angebote f\u00fcr soziale Einrichtungen"},"content":{"rendered":"\n<p>Meine Fortbildungsangebote richten sich an&nbsp;<strong>Teams in Kinderg\u00e4rten, Schulen sowie an Mitarbeitende aus sozialen Einrichtungen<\/strong>, die sich gezielt mit meinen Themen auseinandersetzen m\u00f6chten. Ob zur Reflexion des eigenen p\u00e4dagogischen Handelns, zur St\u00e4rkung der Teamdynamik oder zur Erweiterung methodischer Kompetenzen \u2013 mein Angebot ist vielseitig, praxisnah und individuell anpassbar.<\/p>\n\n\n\n<div style=\"height:100px\" aria-hidden=\"true\" class=\"wp-block-spacer\"><\/div>\n\n\n\n<h4 class=\"wp-block-heading\">Aktuelle Fortbildungsangebote<\/h4>\n\n\n\n<div class=\"wp-block-media-text is-stacked-on-mobile\" style=\"grid-template-columns:27% auto\"><figure class=\"wp-block-media-text__media\"><img loading=\"lazy\" decoding=\"async\" width=\"532\" height=\"399\" src=\"https:\/\/jovial-gagarin.217-160-170-94.plesk.page\/wp-content\/uploads\/2026\/04\/kita-workshop-beispiel.webp\" alt=\"\" class=\"wp-image-115 size-full\" srcset=\"https:\/\/jovial-gagarin.217-160-170-94.plesk.page\/wp-content\/uploads\/2026\/04\/kita-workshop-beispiel.webp 532w, https:\/\/jovial-gagarin.217-160-170-94.plesk.page\/wp-content\/uploads\/2026\/04\/kita-workshop-beispiel-300x225.webp 300w\" sizes=\"auto, (max-width: 532px) 100vw, 532px\" \/><\/figure><div class=\"wp-block-media-text__content\">\n<p>Mut zum Nein sagen &#8211; Grenzen setzen ohne schlechtes Gewissen<\/p>\n\n\n\n<ul class=\"wp-block-list\">\n<li>Fortbildung f\u00fcr p\u00e4dagogisches Personal in Kintertagesst\u00e4tten<\/li>\n<\/ul>\n<\/div><\/div>\n\n\n\n<div class=\"wp-block-media-text is-stacked-on-mobile\" style=\"grid-template-columns:27% auto\"><figure class=\"wp-block-media-text__media\"><img loading=\"lazy\" decoding=\"async\" width=\"450\" height=\"600\" src=\"https:\/\/jovial-gagarin.217-160-170-94.plesk.page\/wp-content\/uploads\/2026\/04\/img_7461-high.webp\" alt=\"\" class=\"wp-image-93 size-full\" srcset=\"https:\/\/jovial-gagarin.217-160-170-94.plesk.page\/wp-content\/uploads\/2026\/04\/img_7461-high.webp 450w, https:\/\/jovial-gagarin.217-160-170-94.plesk.page\/wp-content\/uploads\/2026\/04\/img_7461-high-225x300.webp 225w\" sizes=\"auto, (max-width: 450px) 100vw, 450px\" \/><\/figure><div class=\"wp-block-media-text__content\">\n<p>Der Umgang mit herausfordernden Verhaltensweisen im Kindergarten &#8211; Ein Werkzeugkoffer f\u00fcr Fachkr\u00e4fte<\/p>\n\n\n\n<ul class=\"wp-block-list\">\n<li>Welche M\u00f6glichkeiten habe ich als p\u00e4dagogische Fachkraft, auf herausfordernde Verhaltensweisen wertsch\u00e4tzend und auf Augenh\u00f6he zu reagieren?<\/li>\n<\/ul>\n<\/div><\/div>\n\n\n\n<div style=\"height:100px\" aria-hidden=\"true\" class=\"wp-block-spacer\"><\/div>\n\n\n\n<h4 class=\"wp-block-heading\">Flexible Formate &#8211; passgenau f\u00fcr jedes Team<\/h4>\n\n\n\n<p>Der zeitliche Rahmen richtet sich ganz nach dem individuellem Bedarf:<br>Ob ein&nbsp;<strong>kurzer Impuls-Workshop (ab 90 Minuten)<\/strong>, eine&nbsp;<strong>Halbtagesveranstaltung<\/strong>&nbsp;oder eine&nbsp;<strong>ganzt\u00e4gige Fortbildung<\/strong>\u2013 gemeinsam finden wir das passende Format.<\/p>\n\n\n\n<p>In einem&nbsp;<strong>telefonischen Vorgespr\u00e4ch<\/strong>&nbsp;kl\u00e4ren wir gemeinsam:<\/p>\n\n\n\n<ul class=\"wp-block-list\">\n<li>die Zielsetzung der Veranstaltung<\/li>\n\n\n\n<li>die thematischen Schwerpunkte<\/li>\n\n\n\n<li>den gew\u00fcnschten Tiefgang (Workshop oder vertiefte Fortbildung)<\/li>\n\n\n\n<li>die Gruppengr\u00f6\u00dfe und die konkreten Rahmenbedingungen<\/li>\n<\/ul>\n\n\n\n<p>So stelle ich sicher, dass die Inhalte genau zur Einrichtung, dem Team und den aktuellen Herausforderungen passen und ich entwickle gerne ein passgenaues Konzept.<\/p>\n\n\n\n<div style=\"height:100px\" aria-hidden=\"true\" class=\"wp-block-spacer\"><\/div>\n\n\n\n<hr class=\"wp-block-separator has-alpha-channel-opacity\"\/>\n\n\n\n<p><strong>Interesse geweckt oder unverbindlich Informationen gew\u00fcnscht?<\/strong><br>Dann gerne bei mir melden \u2013&nbsp;<strong>genauere Informationen gibts auf Anfrage.<\/strong><\/p>\n\n\n\n<p>Ich freue mich.<\/p>\n\n\n\n<div class=\"wp-block-buttons is-layout-flex wp-block-buttons-is-layout-flex\">\n<div class=\"wp-block-button\"><a class=\"wp-block-button__link wp-element-button\">Kontakt<\/a><\/div>\n<\/div>\n\n\n\n<hr class=\"wp-block-separator has-alpha-channel-opacity\"\/>\n","protected":false},"excerpt":{"rendered":"<p>Meine Fortbildungsangebote richten sich an&nbsp;Teams in Kinderg\u00e4rten, Schulen sowie an Mitarbeitende aus sozialen Einrichtungen, die sich gezielt mit meinen Themen auseinandersetzen m\u00f6chten. Ob zur Reflexion des eigenen p\u00e4dagogischen Handelns, zur St\u00e4rkung der Teamdynamik oder zur Erweiterung methodischer Kompetenzen \u2013 mein Angebot ist vielseitig, praxisnah und individuell anpassbar. Aktuelle Fortbildungsangebote Flexible Formate &#8211; passgenau f\u00fcr jedes [&hellip;]<\/p>\n","protected":false},"author":1,"featured_media":114,"parent":0,"menu_order":0,"comment_status":"closed","ping_status":"closed","template":"","meta":{"footnotes":""},"class_list":["post-113","page","type-page","status-publish","has-post-thumbnail","hentry"],"_links":{"self":[{"href":"https:\/\/jovial-gagarin.217-160-170-94.plesk.page\/index.php\/wp-json\/wp\/v2\/pages\/113","targetHints":{"allow":["GET"]}}],"collection":[{"href":"https:\/\/jovial-gagarin.217-160-170-94.plesk.page\/index.php\/wp-json\/wp\/v2\/pages"}],"about":[{"href":"https:\/\/jovial-gagarin.217-160-170-94.plesk.page\/index.php\/wp-json\/wp\/v2\/types\/page"}],"author":[{"embeddable":true,"href":"https:\/\/jovial-gagarin.217-160-170-94.plesk.page\/index.php\/wp-json\/wp\/v2\/users\/1"}],"replies":[{"embeddable":true,"href":"https:\/\/jovial-gagarin.217-160-170-94.plesk.page\/index.php\/wp-json\/wp\/v2\/comments?post=113"}],"version-history":[{"count":3,"href":"https:\/\/jovial-gagarin.217-160-170-94.plesk.page\/index.php\/wp-json\/wp\/v2\/pages\/113\/revisions"}],"predecessor-version":[{"id":121,"href":"https:\/\/jovial-gagarin.217-160-170-94.plesk.page\/index.php\/wp-json\/wp\/v2\/pages\/113\/revisions\/121"}],"wp:featuredmedia":[{"embeddable":true,"href":"https:\/\/jovial-gagarin.217-160-170-94.plesk.page\/index.php\/wp-json\/wp\/v2\/media\/114"}],"wp:attachment":[{"href":"https:\/\/jovial-gagarin.217-160-170-94.plesk.page\/index.php\/wp-json\/wp\/v2\/media?parent=113"}],"curies":[{"name":"wp","href":"https:\/\/api.w.org\/{rel}","templated":true}]}}